{"id":1054,"date":"2014-03-17T16:15:12","date_gmt":"2014-03-17T16:15:12","guid":{"rendered":"http:\/\/fatshan.com.br\/?page_id=1054"},"modified":"2024-09-11T16:05:42","modified_gmt":"2024-09-11T16:05:42","slug":"arbitros-filiados","status":"publish","type":"page","link":"https:\/\/fatshan.com.br\/?page_id=1054","title":{"rendered":"\u00c1rbitros Filiados"},"content":{"rendered":"\n<p>Shifu Adailton Mendes de Paula (Mestre Mendes) &#8211; USKF<br>Shifu Ant\u00f4nio Carlos Ara\u00fajo de Sousa (Mestre China) &#8211; USKF<br>Shifu Jorge de Sousa (Mestre) &#8211; AKB<br>Shifu Osmar Tim\u00f3teo da Silva (Mestre) &#8211; Portugal<br><\/p>\n","protected":false},"excerpt":{"rendered":"<p>Shifu Adailton Mendes de Paula (Mestre Mendes) &#8211; USKFShifu Ant\u00f4nio Carlos Ara\u00fajo de Sousa (Mestre China) &#8211; USKFShifu Jorge de Sousa (Mestre) &#8211; AKBShifu Osmar Tim\u00f3teo da Silva (Mestre) &#8211; Portugal<\/p>\n","protected":false},"author":1,"featured_media":0,"parent":16,"menu_order":4,"comment_status":"closed","ping_status":"closed","template":"","meta":{"_eb_attr":"","footnotes":""},"class_list":["post-1054","page","type-page","status-publish","hentry"],"_links":{"self":[{"href":"https:\/\/fatshan.com.br\/index.php?rest_route=\/wp\/v2\/pages\/1054","targetHints":{"allow":["GET"]}}],"collection":[{"href":"https:\/\/fatshan.com.br\/index.php?rest_route=\/wp\/v2\/pages"}],"about":[{"href":"https:\/\/fatshan.com.br\/index.php?rest_route=\/wp\/v2\/types\/page"}],"author":[{"embeddable":true,"href":"https:\/\/fatshan.com.br\/index.php?rest_route=\/wp\/v2\/users\/1"}],"replies":[{"embeddable":true,"href":"https:\/\/fatshan.com.br\/index.php?rest_route=%2Fwp%2Fv2%2Fcomments&post=1054"}],"version-history":[{"count":12,"href":"https:\/\/fatshan.com.br\/index.php?rest_route=\/wp\/v2\/pages\/1054\/revisions"}],"predecessor-version":[{"id":3902,"href":"https:\/\/fatshan.com.br\/index.php?rest_route=\/wp\/v2\/pages\/1054\/revisions\/3902"}],"up":[{"embeddable":true,"href":"https:\/\/fatshan.com.br\/index.php?rest_route=\/wp\/v2\/pages\/16"}],"wp:attachment":[{"href":"https:\/\/fatshan.com.br\/index.php?rest_route=%2Fwp%2Fv2%2Fmedia&parent=1054"}],"curies":[{"name":"wp","href":"https:\/\/api.w.org\/{rel}","templated":true}]}}