{"id":117,"date":"2012-09-12T10:35:33","date_gmt":"2012-09-12T10:35:33","guid":{"rendered":"http:\/\/www.fatshan.com.br\/teste\/?page_id=117"},"modified":"2024-07-24T17:29:34","modified_gmt":"2024-07-24T17:29:34","slug":"mou-si","status":"publish","type":"page","link":"https:\/\/fatshan.com.br\/?page_id=117","title":{"rendered":"Sistemas Fatshan"},"content":{"rendered":"\n<p>O conhecimento \u00e9 uma riqueza que n\u00e3o ocupa espa\u00e7o, n\u00e3o tem massa, mas tem peso: o peso da responsabilidade profissional e social expressada pela rela\u00e7\u00e3o mestre (<strong>Shifu<\/strong>) e disc\u00edpulo (<strong>To-Dai<\/strong>) que uma vez amadurecida far\u00e1 com que seja preservada todos os valores que envolvem um legado marcial tradicional no mundo globalizado em que vivemos. <br>Assim ensinamos nossos sistemas.<\/p>\n\n\n\n<p>\ufeff<\/p>\n","protected":false},"excerpt":{"rendered":"<p>O conhecimento \u00e9 uma riqueza que n\u00e3o ocupa espa\u00e7o, n\u00e3o tem massa, mas tem peso: o peso da responsabilidade profissional e social expressada pela rela\u00e7\u00e3o mestre (Shifu) e disc\u00edpulo (To-Dai) que uma vez amadurecida far\u00e1 com que seja preservada todos &hellip; <a href=\"https:\/\/fatshan.com.br\/?page_id=117\">Continue lendo <span class=\"meta-nav\">&rarr;<\/span><\/a><\/p>\n","protected":false},"author":2,"featured_media":0,"parent":50,"menu_order":2,"comment_status":"closed","ping_status":"closed","template":"","meta":{"_eb_attr":"","footnotes":""},"class_list":["post-117","page","type-page","status-publish","hentry"],"_links":{"self":[{"href":"https:\/\/fatshan.com.br\/index.php?rest_route=\/wp\/v2\/pages\/117","targetHints":{"allow":["GET"]}}],"collection":[{"href":"https:\/\/fatshan.com.br\/index.php?rest_route=\/wp\/v2\/pages"}],"about":[{"href":"https:\/\/fatshan.com.br\/index.php?rest_route=\/wp\/v2\/types\/page"}],"author":[{"embeddable":true,"href":"https:\/\/fatshan.com.br\/index.php?rest_route=\/wp\/v2\/users\/2"}],"replies":[{"embeddable":true,"href":"https:\/\/fatshan.com.br\/index.php?rest_route=%2Fwp%2Fv2%2Fcomments&post=117"}],"version-history":[{"count":12,"href":"https:\/\/fatshan.com.br\/index.php?rest_route=\/wp\/v2\/pages\/117\/revisions"}],"predecessor-version":[{"id":3548,"href":"https:\/\/fatshan.com.br\/index.php?rest_route=\/wp\/v2\/pages\/117\/revisions\/3548"}],"up":[{"embeddable":true,"href":"https:\/\/fatshan.com.br\/index.php?rest_route=\/wp\/v2\/pages\/50"}],"wp:attachment":[{"href":"https:\/\/fatshan.com.br\/index.php?rest_route=%2Fwp%2Fv2%2Fmedia&parent=117"}],"curies":[{"name":"wp","href":"https:\/\/api.w.org\/{rel}","templated":true}]}}