{"id":164,"date":"2012-12-20T15:53:33","date_gmt":"2012-12-20T15:53:33","guid":{"rendered":"http:\/\/www.fatshan.com.br\/teste\/?page_id=164"},"modified":"2024-09-13T14:07:38","modified_gmt":"2024-09-13T14:07:38","slug":"federacao-maranhense","status":"publish","type":"page","link":"https:\/\/fatshan.com.br\/?page_id=164","title":{"rendered":"Federa\u00e7\u00e3o Estadual do Maranh\u00e3o &#8211; FEKF\/MA"},"content":{"rendered":"\n<p><strong>Quem Somos<br><\/strong>A Federa\u00e7\u00e3o Estadual de Kung Fu &#8211; Fatshan Maranh\u00e3o &#8211; <strong>FEKF\/FMA<\/strong> \u00e9 uma entidade estadual respons\u00e1vel por realizar Controle e Administra\u00e7\u00e3o do Kung fu, fundada pelo Shifu Mendes e tendo por objetivo: reunir, amparar e colaborar com todos seus filiados no desenvolvimento da modalidade em todo o Estado do Maranh\u00e3o.<br>A <strong>FEKF\/FMA<\/strong> foi fundada em 03 de setembro de 2024, e trabalha para se tornar a maior federa\u00e7\u00e3o de Kung Fu do Pais, em estrutura e organiza\u00e7\u00e3o, sendo filiada diretamente a <strong>U.S.K.F.<\/strong><br>Hoje a <strong>FEKF\/FMA<\/strong>, re\u00fane em seu quadro de associados grandes lideran\u00e7as e expoentes do Kung fu do Estado do Maranh\u00e3o.<br>Seu maior evento que \u00e9 o Campeonato Maranhense j\u00e1 est\u00e1 em sua 00\u00ba edi\u00e7\u00e3o.<\/p>\n\n\n\n<p><strong>Diretoria<\/strong><br>Presidente<br>Vice-Presidente<br>Diretor Administrativo e Financeiro<br>Diretor de Competi\u00e7\u00f5es<br>Secret\u00e1rio Geral<\/p>\n\n\n\n<p><strong>Filiados<\/strong><br><a href=\"https:\/\/fatshan.com.br\/?p=3669\">Associa\u00e7\u00f5es e Academias filiadas<\/a><\/p>\n\n\n\n<p><strong>Filia\u00e7\u00e3o<\/strong><br>Para se filiar \u00e9 simples, basta entrar em contato atrav\u00e9s do&nbsp;e-mail&nbsp;<a href=\"mailto:gestaouskf@gmail.com\">gestaouskf@gmail.com<\/a>. encaminhando: <strong>Nome<\/strong>; <strong>Gradua\u00e7\u00e3o<\/strong>; <strong>Estilo praticado <\/strong>e <strong>idade<\/strong>. Logo ap\u00f3s o contato, estaremos informando os procedimentos para a seguir.<\/p>\n\n\n\n<p><strong>Contato<\/strong><br>Para maiores informa\u00e7\u00f5es entre em contato atrav\u00e9s do&nbsp;e-mail&nbsp;<a href=\"mailto:gestaouskf@gmail.com\">gestaouskf@gmail.com<\/a>. <\/p>\n\n\n\n<p><strong>Saiba mais<\/strong><br>Conhe\u00e7a mais sobre nossas atividades nas redes sociais:<\/p>\n","protected":false},"excerpt":{"rendered":"<p>Quem SomosA Federa\u00e7\u00e3o Estadual de Kung Fu &#8211; Fatshan Maranh\u00e3o &#8211; FEKF\/FMA \u00e9 uma entidade estadual respons\u00e1vel por realizar Controle e Administra\u00e7\u00e3o do Kung fu, fundada pelo Shifu Mendes e tendo por objetivo: reunir, amparar e colaborar com todos seus &hellip; <a href=\"https:\/\/fatshan.com.br\/?page_id=164\">Continue lendo <span class=\"meta-nav\">&rarr;<\/span><\/a><\/p>\n","protected":false},"author":4,"featured_media":0,"parent":36,"menu_order":0,"comment_status":"closed","ping_status":"closed","template":"","meta":{"_eb_attr":"","footnotes":""},"class_list":["post-164","page","type-page","status-publish","hentry"],"_links":{"self":[{"href":"https:\/\/fatshan.com.br\/index.php?rest_route=\/wp\/v2\/pages\/164","targetHints":{"allow":["GET"]}}],"collection":[{"href":"https:\/\/fatshan.com.br\/index.php?rest_route=\/wp\/v2\/pages"}],"about":[{"href":"https:\/\/fatshan.com.br\/index.php?rest_route=\/wp\/v2\/types\/page"}],"author":[{"embeddable":true,"href":"https:\/\/fatshan.com.br\/index.php?rest_route=\/wp\/v2\/users\/4"}],"replies":[{"embeddable":true,"href":"https:\/\/fatshan.com.br\/index.php?rest_route=%2Fwp%2Fv2%2Fcomments&post=164"}],"version-history":[{"count":11,"href":"https:\/\/fatshan.com.br\/index.php?rest_route=\/wp\/v2\/pages\/164\/revisions"}],"predecessor-version":[{"id":3925,"href":"https:\/\/fatshan.com.br\/index.php?rest_route=\/wp\/v2\/pages\/164\/revisions\/3925"}],"up":[{"embeddable":true,"href":"https:\/\/fatshan.com.br\/index.php?rest_route=\/wp\/v2\/pages\/36"}],"wp:attachment":[{"href":"https:\/\/fatshan.com.br\/index.php?rest_route=%2Fwp%2Fv2%2Fmedia&parent=164"}],"curies":[{"name":"wp","href":"https:\/\/api.w.org\/{rel}","templated":true}]}}