{"id":22,"date":"2012-09-05T20:07:39","date_gmt":"2012-09-05T20:07:39","guid":{"rendered":"http:\/\/www.fatshan.com.br\/teste\/?page_id=22"},"modified":"2024-07-12T18:23:06","modified_gmt":"2024-07-12T18:23:06","slug":"a-f-k","status":"publish","type":"page","link":"https:\/\/fatshan.com.br\/?page_id=22","title":{"rendered":"Apresenta\u00e7\u00e3o da A.F.K."},"content":{"rendered":"<p style=\"text-align: center;\"><a href=\"https:\/\/fatshan.com.br\/wp-content\/uploads\/2024\/07\/logo_afk.png\"><img loading=\"lazy\" decoding=\"async\" class=\"alignnone  wp-image-3200\" src=\"https:\/\/fatshan.com.br\/wp-content\/uploads\/2024\/07\/logo_afk.png\" alt=\"\" width=\"176\" height=\"174\" \/><\/a><\/p>\n<p style=\"text-align: justify;\">A <strong>ASSOCIA\u00c7\u00c3O FATSHAN DE KUOSHU &#8211; KUNG FU TRADICIONAL &#8211; AFK<\/strong>, \u00e9 uma entidade de desporto sem fins lucrativos, fundada em 23\/05\/1986, ano do Tigre, por Shifu Mendes com sede e foro na cidade de S\u00e3o Paulo. Fatshan\/Foshan\/Futsan significa a cidade dos mil Budas e \u00e9 uma homenagem \u00e0 cidade do mesmo nome ao sul da China, considerada a meca de v\u00e1rios sistemas de Kung Fu e local aonde residiu por bom tempo o lend\u00e1rio Patriarca Ye Wen\/Ip Man\/Yip Man do sistema Ving Tsun\/Wing Chun\/Wing Tsun.<\/p>\n<p style=\"text-align: justify;\">Seu crescimento vem sendo lento e gradual, face \u00e0 situa\u00e7\u00e3o econ\u00f4mica do pa\u00eds; mas o trabalho tem sido \u00e1rduo e gratificante. Mesmo sendo um professor tradicionalista, mas com vis\u00e3o futurista, o Sifu (<em>Mestre<\/em>) Mendes, tem procurado lapidar seus disc\u00edpulos quanto a personalidade no que tange a: respeito, lealdade, obedi\u00eancia, autoconfian\u00e7a, e honradez. Fazendo a A.F.K., alcan\u00e7ar o respeito da comunidade marcial a n\u00edvel regional, nacional e internacional.<\/p>\n<p style=\"text-align: justify;\">O trabalho que vem sendo desenvolvido pela A.F.K., j\u00e1 produziu muitos e diversificados frutos, onde entre tantos, podemos citar a quantidade de profissionais formados que ministram aulas em diferentes academias e\/ou escolas e participando de projetos sociais. Al\u00e9m de suas atividades internas a entidade sempre participa de diversos eventos externos em todo o pa\u00eds e no exterior. Atualmente a entidade est\u00e1 filiada a <strong>WORLD CKA &#8211; FEDERA\u00c7\u00c3O MUNDIAL DE KUNG FU (WUSHU)<\/strong>.<\/p>\n<p style=\"text-align: justify;\"><strong><em>O lema da A.F.K., \u00e9: <\/em><\/strong><em>&#8220;GUNG FU \u00e9 antes de tudo uma educa\u00e7\u00e3o. Pratic\u00e1-la exige disciplina, perseveran\u00e7a, autocontrole e discri\u00e7\u00e3o. Velocidade, poder, per\u00edcia e fama vir\u00e3o observando as regras acima com \u00e1rduo trabalho e direcionamento sincero a paz&#8221;.<\/em><\/p>\n<p style=\"text-align: justify;\">Entidade de Administra\u00e7\u00e3o e Desporto autorizada pelos artigos 18 e 19 do C\u00f3digo Civil brasileiro e artigos 114 e 119, da lei N. 6015, de 31\/12\/1973. Registrada sob\u00a0CNPJ\/MF-03.352.257\/0001-09.<\/p>\n<p style=\"text-align: justify;\">KUNG FU &#8211; ARMAS CHINESAS &#8211; CHI KUNG &#8211; FILOSOFIA &#8211; MOU SI &#8211; MOU LONG &#8211; MASSAGEM TERAPEUTICA &#8211; PALMA DE FERRO &#8211; ESTILOS: SHAOLIN (LIU G\u00c1A) &#8211; TAI CHI CHUAN &#8211; CHIN N\u00c1 &#8211; SHUAI CHIAO &#8211; WING CHUN.<\/p>\n","protected":false},"excerpt":{"rendered":"<p>A ASSOCIA\u00c7\u00c3O FATSHAN DE KUOSHU &#8211; KUNG FU TRADICIONAL &#8211; AFK, \u00e9 uma entidade de desporto sem fins lucrativos, fundada em 23\/05\/1986, ano do Tigre, por Shifu Mendes com sede e foro na cidade de S\u00e3o Paulo. Fatshan\/Foshan\/Futsan significa a &hellip; <a href=\"https:\/\/fatshan.com.br\/?page_id=22\">Continue lendo <span class=\"meta-nav\">&rarr;<\/span><\/a><\/p>\n","protected":false},"author":2,"featured_media":0,"parent":3157,"menu_order":0,"comment_status":"closed","ping_status":"closed","template":"","meta":{"_eb_attr":"","footnotes":""},"class_list":["post-22","page","type-page","status-publish","hentry"],"_links":{"self":[{"href":"https:\/\/fatshan.com.br\/index.php?rest_route=\/wp\/v2\/pages\/22","targetHints":{"allow":["GET"]}}],"collection":[{"href":"https:\/\/fatshan.com.br\/index.php?rest_route=\/wp\/v2\/pages"}],"about":[{"href":"https:\/\/fatshan.com.br\/index.php?rest_route=\/wp\/v2\/types\/page"}],"author":[{"embeddable":true,"href":"https:\/\/fatshan.com.br\/index.php?rest_route=\/wp\/v2\/users\/2"}],"replies":[{"embeddable":true,"href":"https:\/\/fatshan.com.br\/index.php?rest_route=%2Fwp%2Fv2%2Fcomments&post=22"}],"version-history":[{"count":12,"href":"https:\/\/fatshan.com.br\/index.php?rest_route=\/wp\/v2\/pages\/22\/revisions"}],"predecessor-version":[{"id":3246,"href":"https:\/\/fatshan.com.br\/index.php?rest_route=\/wp\/v2\/pages\/22\/revisions\/3246"}],"up":[{"embeddable":true,"href":"https:\/\/fatshan.com.br\/index.php?rest_route=\/wp\/v2\/pages\/3157"}],"wp:attachment":[{"href":"https:\/\/fatshan.com.br\/index.php?rest_route=%2Fwp%2Fv2%2Fmedia&parent=22"}],"curies":[{"name":"wp","href":"https:\/\/api.w.org\/{rel}","templated":true}]}}