{"id":3157,"date":"2024-07-04T17:43:39","date_gmt":"2024-07-04T17:43:39","guid":{"rendered":"https:\/\/fatshan.com.br\/?page_id=3157"},"modified":"2024-09-11T13:13:59","modified_gmt":"2024-09-11T13:13:59","slug":"a-f-k","status":"publish","type":"page","link":"https:\/\/fatshan.com.br\/?page_id=3157","title":{"rendered":"A.F.K."},"content":{"rendered":"\n<p class=\"has-text-align-center\"><strong>Seja Bem-Vindo a Associa\u00e7\u00e3o Fatshan de Kuoshu<\/strong><\/p>\n\n\n\n<p>Este site \u00e9 de propriedade da <strong>AFK &#8211; Associa\u00e7\u00e3o Fatshan de Kuoshu<\/strong> em parceria com a <strong>USKF &#8211; Federa\u00e7\u00e3o Internacional <\/strong>e <strong>FTI &#8211; Fatshan Terapias Integradas<\/strong>. Ao visitar nosso site e acessar as informa\u00e7\u00f5es, recursos, servi\u00e7os, produtos e ferramentas voc\u00ea entende e concorda em aceitar e aderir aos seguintes termos e condi\u00e7\u00f5es estabelecida nesta pol\u00edtica(doravante referida como &#8216;Acordo do Usu\u00e1rio&#8217; ).<\/p>\n\n\n\n<p><strong>Miss\u00e3o:<\/strong> Preservar o legado de sistemas tradicionais ministrados: <strong>Shaolin <\/strong>(<em>Escola Liu G\u00e1a<\/em>), <strong>Wing Chun Fatshan Pai<\/strong>, <strong>Taijiquan<\/strong>, <strong>Shuai Jiao <\/strong>e <strong>Sanda<\/strong>. Difundindo atrav\u00e9s da ci\u00eancia do Kung Fu em cultura e artes marciais, melhorar a qualidade de vida dos praticantes com disciplina e vigor para o crescimento e desenvolvimento de um f\u00edsico harmonioso ensejando boa forma\u00e7\u00e3o de car\u00e1ter com eleva\u00e7\u00e3o cultural e marcial dos mesmos na sociedade moderna.<\/p>\n\n\n\n<p><strong>Vis\u00e3o:<\/strong> Ser um canal de divulga\u00e7\u00e3o da milenar cultura chinesa em artes marciais, filosofia e terapias afins.<\/p>\n\n\n\n<p class=\"has-text-align-center\"><em>Reservamos ao direito de alterar este acordo de usu\u00e1rio periodicamente sem pr\u00e9vio aviso. <em>Este acordo entrou em vigor em 01\/01\/2002.<\/em> <\/em><\/p>\n","protected":false},"excerpt":{"rendered":"<p>Seja Bem-Vindo a Associa\u00e7\u00e3o Fatshan de Kuoshu Este site \u00e9 de propriedade da AFK &#8211; Associa\u00e7\u00e3o Fatshan de Kuoshu em parceria com a USKF &#8211; Federa\u00e7\u00e3o Internacional e FTI &#8211; Fatshan Terapias Integradas. Ao visitar nosso site e acessar as &hellip; <a href=\"https:\/\/fatshan.com.br\/?page_id=3157\">Continue lendo <span class=\"meta-nav\">&rarr;<\/span><\/a><\/p>\n","protected":false},"author":4,"featured_media":0,"parent":0,"menu_order":2,"comment_status":"closed","ping_status":"closed","template":"","meta":{"_eb_attr":"","footnotes":""},"class_list":["post-3157","page","type-page","status-publish","hentry"],"_links":{"self":[{"href":"https:\/\/fatshan.com.br\/index.php?rest_route=\/wp\/v2\/pages\/3157","targetHints":{"allow":["GET"]}}],"collection":[{"href":"https:\/\/fatshan.com.br\/index.php?rest_route=\/wp\/v2\/pages"}],"about":[{"href":"https:\/\/fatshan.com.br\/index.php?rest_route=\/wp\/v2\/types\/page"}],"author":[{"embeddable":true,"href":"https:\/\/fatshan.com.br\/index.php?rest_route=\/wp\/v2\/users\/4"}],"replies":[{"embeddable":true,"href":"https:\/\/fatshan.com.br\/index.php?rest_route=%2Fwp%2Fv2%2Fcomments&post=3157"}],"version-history":[{"count":9,"href":"https:\/\/fatshan.com.br\/index.php?rest_route=\/wp\/v2\/pages\/3157\/revisions"}],"predecessor-version":[{"id":3257,"href":"https:\/\/fatshan.com.br\/index.php?rest_route=\/wp\/v2\/pages\/3157\/revisions\/3257"}],"wp:attachment":[{"href":"https:\/\/fatshan.com.br\/index.php?rest_route=%2Fwp%2Fv2%2Fmedia&parent=3157"}],"curies":[{"name":"wp","href":"https:\/\/api.w.org\/{rel}","templated":true}]}}