{"id":3159,"date":"2024-07-04T17:44:44","date_gmt":"2024-07-04T17:44:44","guid":{"rendered":"https:\/\/fatshan.com.br\/?page_id=3159"},"modified":"2024-09-11T15:31:27","modified_gmt":"2024-09-11T15:31:27","slug":"u-s-k-f","status":"publish","type":"page","link":"https:\/\/fatshan.com.br\/?page_id=3159","title":{"rendered":"Cursos e forma\u00e7\u00e3o"},"content":{"rendered":"\n<p class=\"has-text-align-center\"><img loading=\"lazy\" decoding=\"async\" width=\"150\" height=\"92\" class=\"wp-image-3720\" style=\"width: 150px;\" src=\"https:\/\/fatshan.com.br\/wp-content\/uploads\/2024\/09\/wingChun.jpg\" alt=\"\" srcset=\"https:\/\/fatshan.com.br\/wp-content\/uploads\/2024\/09\/wingChun.jpg 450w, https:\/\/fatshan.com.br\/wp-content\/uploads\/2024\/09\/wingChun-300x184.jpg 300w\" sizes=\"auto, (max-width: 150px) 100vw, 150px\" \/><\/p>\n\n\n\n<p>Conhe\u00e7a nossos cursos e forma\u00e7\u00f5es e torne-se um instrutor reconhecido em Kung Fu<\/p>\n","protected":false},"excerpt":{"rendered":"<p>Conhe\u00e7a nossos cursos e forma\u00e7\u00f5es e torne-se um instrutor reconhecido em Kung Fu<\/p>\n","protected":false},"author":4,"featured_media":0,"parent":3157,"menu_order":5,"comment_status":"closed","ping_status":"closed","template":"","meta":{"_eb_attr":"","footnotes":""},"class_list":["post-3159","page","type-page","status-publish","hentry"],"_links":{"self":[{"href":"https:\/\/fatshan.com.br\/index.php?rest_route=\/wp\/v2\/pages\/3159","targetHints":{"allow":["GET"]}}],"collection":[{"href":"https:\/\/fatshan.com.br\/index.php?rest_route=\/wp\/v2\/pages"}],"about":[{"href":"https:\/\/fatshan.com.br\/index.php?rest_route=\/wp\/v2\/types\/page"}],"author":[{"embeddable":true,"href":"https:\/\/fatshan.com.br\/index.php?rest_route=\/wp\/v2\/users\/4"}],"replies":[{"embeddable":true,"href":"https:\/\/fatshan.com.br\/index.php?rest_route=%2Fwp%2Fv2%2Fcomments&post=3159"}],"version-history":[{"count":5,"href":"https:\/\/fatshan.com.br\/index.php?rest_route=\/wp\/v2\/pages\/3159\/revisions"}],"predecessor-version":[{"id":3723,"href":"https:\/\/fatshan.com.br\/index.php?rest_route=\/wp\/v2\/pages\/3159\/revisions\/3723"}],"up":[{"embeddable":true,"href":"https:\/\/fatshan.com.br\/index.php?rest_route=\/wp\/v2\/pages\/3157"}],"wp:attachment":[{"href":"https:\/\/fatshan.com.br\/index.php?rest_route=%2Fwp%2Fv2%2Fmedia&parent=3159"}],"curies":[{"name":"wp","href":"https:\/\/api.w.org\/{rel}","templated":true}]}}