{"id":33,"date":"2012-09-06T14:12:40","date_gmt":"2012-09-06T14:12:40","guid":{"rendered":"http:\/\/www.fatshan.com.br\/teste\/?page_id=33"},"modified":"2024-07-16T12:46:07","modified_gmt":"2024-07-16T12:46:07","slug":"hierarquia-2","status":"publish","type":"page","link":"https:\/\/fatshan.com.br\/?page_id=33","title":{"rendered":"Hist\u00f3ria da U.S.K.F."},"content":{"rendered":"<p align=\"center\"><strong><span style=\"text-decoration: underline;\">Hierarquia Chinesa USKF<\/span><\/strong><\/p>\n<p>\u00c9 de suma import\u00e2ncia para todo praticante dos sistemas de <strong>KUNG FU<\/strong> da <strong>AFK<\/strong> ter conhecimento da filosofia que \u00e9 encontrada no uniforme e nas cores das cintas (vide estilos <strong>www.fatshan.com.br<\/strong>) e representam a base que tem assegurado a perpetua\u00e7\u00e3o da arte marcial chinesa atrav\u00e9s dos tempos. Por exemplo, existe uma hierarquia (t\u00edtulos) dentro da fam\u00edlia <strong>KUNG FU<\/strong> que abarca nomes espec\u00edficos. O uso do titulo por cada pessoa desde a antiguidade \u00e9 tido como um sinal de respeito, obedi\u00eancia e desenvolvimento do car\u00e1ter humano. A gradua\u00e7\u00e3o \u00e9 baseada mais no tempo de pratica do que na idade do praticante.<\/p>\n<p>A hierarquia <strong>KUNG FU<\/strong> dentro da <strong>USKF\/AFK<\/strong> \u00e9 semelhante \u00e1 estrutura familiar utilizada n\u00e3o s\u00f3 pelo povo chin\u00eas como tamb\u00e9m por outros povos antigos como judeus, onde o pai exercia o papel de l\u00edder, cabe\u00e7a respons\u00e1vel pelo sustento e educa\u00e7\u00e3o (disciplina) dos seus filhos e esposa. Em sua aus\u00eancia ou morte, caberia ao mais velho (esposa ou filho mais velho) proteger e zelar pela ordem da casa, at\u00e9 que os mais novos adquirissem estrutura suficiente para resolver seus pr\u00f3prios problemas, constituir uma fam\u00edlia, etc.<\/p>\n<p>Um jovem aluno que ingressa em uma escola de <strong>KUNG FU<\/strong> tradicional deve sempre prestar respeito ao seu S\u00eanior (Superior) antes de si pr\u00f3prio. Mesmo se o jovem estudante se achar melhor ou superar o S\u00eanior ele ainda assim deve prestar respeito ao seu superior. E n\u00e3o \u00e9 uma lei, mas uma regra seguida pela filosofia de treinamento dada por cada escola. Seu PROFESSOR (<em>Instrutor, Professor, Mestre, Gr\u00e3o-Mestre, etc<\/em>.) ser\u00e1 sempre seu professor n\u00e3o importando o quanto voc\u00ea tenha progredido e se ir\u00e1 treinar em outro local deve sempre manter respeito pelo antigo Professor e jamais falar mal dele e do antigo <strong>KWOON<\/strong> (<em>Academia<\/em>) e mesmo outros praticantes e estilos ou modalidades marciais, pois segundo antigos mestres o car\u00e1ter de todo praticante e forjado pela hierarquia e disciplina, portanto, criticar o pr\u00f3ximo \u00e9 o mesmo que n\u00e3o se dar o devido respeito, comentando de forma maldosa sobre a compet\u00eancia deste ou daquele profissional. Isso \u00e9 \u00c9tica Marcial.<\/p>\n<p>Sem hierarquia n\u00e3o haver\u00e1 respeito, sem respeito n\u00e3o haver\u00e1 disciplina, sem disciplina n\u00e3o haver\u00e1 ordem, sem ordem n\u00e3o haver\u00e1 equil\u00edbrio, sem equil\u00edbrio n\u00e3o haver\u00e1 vida (continuidade). Por este \u00e2ngulo, percebe-se a import\u00e2ncia da hierarquia na perpetua\u00e7\u00e3o de uma fam\u00edlia kung Fu onde o mestre (Sifu) \u00e9 o respons\u00e1vel pela veicula\u00e7\u00e3o de um estilo. O <strong>SIFU<\/strong> \u00e9 a autoridade m\u00e1xima dentro de uma fam\u00edlia kung fu seguido pelos seus alunos e disc\u00edpulos.<\/p>\n<p>De acordo com a tradi\u00e7\u00e3o, o Aluno novato deve obedi\u00eancia ao Aluno mais velho, que deve obedi\u00eancia ao grande Aluno mais velho, que deve obedi\u00eancia ao Aluno disc\u00edpulo (<em>Aprendiz<\/em>), que deve obedi\u00eancia ao seu Sifu (<em>Mestre &#8211; Pai<\/em>).<\/p>\n<p>A hierarquia deve ser alimentada para que a arte n\u00e3o perca sua ess\u00eancia. Os bons h\u00e1bitos devem de inicio, ser uma obriga\u00e7\u00e3o para que com o tempo se tornem naturais. Na natureza sempre existe uma hierarquia e cada coisa tem sua pr\u00f3pria fun\u00e7\u00e3o. Se esta ordem for perturbada, o funcionamento ser\u00e1 interrompido e todo o conjunto desmoronar\u00e1. O aluno mais velho deve servir de exemplo aos mais novos que, mais tarde, servir\u00e3o de espelho aos rec\u00e9m chegados. Como diz o dito popular, o habito faz o artista marcial.<\/p>\n<p>O aluno inicia no lar o aprendizado da disciplina e, portanto deve obedecer a hierarquia familiar e na escola e\/ou academia tamb\u00e9m obedecer aos professores e superiores para que o andamento do seu processo escolar n\u00e3o desmorone e sendo bom aluno (<em>de boa conduta, disciplinado e esfor\u00e7ado<\/em>) tem grandes possibilidades de ser um bom professor. Por outro lado aquele oriundo de uma fam\u00edlia desestruturada se n\u00e3o for contido a tempo ser\u00e1 um aluno indisciplinado, de p\u00e9ssima conduta e distante do pai (<em>Sifu<\/em>) de sua fam\u00edlia kung fu, jamais compreendera a ess\u00eancia do seu sistema e das artes marciais em geral, pois sem uma conviv\u00eancia pr\u00f3xima dele como absorver\u00e1 as abordagens e refinamentos t\u00e9cnicos e vida kung fu no todo?<\/p>\n<p>Eu, Sifu Mendes, mantive intercambio durante o per\u00edodo que estive na Europa, dez 2005 \u00e1 jan 2006, na sede da Worldcka \u2013 It\u00e1lia (<strong>FEDERA\u00c7\u00c3O MUNDIAL<\/strong>) e campeonatos mundiais organizados pela referida entidade com v\u00e1rios peritos (sifus) de diversos estilos de kung fu (YEN JAO, TONG LONG, TAI SHING PEK KWAR, WING CHUN, FUT GAR, HUNG GAR, CHOY LI FUT, PA KWA, HSING, WU DANG, PAK SHAOLIN, TAI CHI CHUAN, etc) e concordamos que ningu\u00e9m pode se auto intitular SIFU, se este titulo n\u00e3o for concedido por outro Sifu ou Entidade com ramifica\u00e7\u00e3o na China. Tradicionalmente um Sifu \u00e9 aquele que conhece historia chinesa, assim como \u00e9 capaz de ler, escrever e conversar na l\u00edngua chinesa e significa uma vida de conhecimento pertinente a Educa\u00e7\u00e3o F\u00edsica, Defesa Pessoal, Competi\u00e7\u00e3o, Medicina, Medita\u00e7\u00e3o, Cultura chinesa, al\u00e9m de amar todas as artes marciais, respeitar outros estilos seus lideres dizendo somente coisas boas, pois no geral a meta de todas as artes marciais \u00e9 a mesma. O fato de ensinar 8 ou mais horas ao dia, ter 500 ou\u00a0 1000 alunos, ser excelente lutador n\u00e3o torna ningu\u00e9m automaticamente um mestre a n\u00e3o ser queira ser considerado um fanfarr\u00e3o e imoral praticante pelas tradi\u00e7\u00f5es chinesas.<\/p>\n<p>Os sistemas praticados na <strong>ASSOCIA\u00c7\u00c3O FATSHAN DE KUOSHU<\/strong> adotam a seguinte hierarquia na pr\u00e1tica do Kung Fu, onde as nomina\u00e7\u00f5es dadas aos praticantes conforme o tempo de pr\u00e1tica, habilidade, relacionamento com Sifu (Pai ou Mestre da escola) lembram rela\u00e7\u00f5es parentais e uma forma de preserva\u00e7\u00e3o do car\u00e1ter familiar das artes marciais chinesa internamente e de acordo com a conviv\u00eancia com o Sifu este poder\u00e1 conceder ao praticante nome de guerra (patente), resgatando o car\u00e1ter militar do Kung Fu.<\/p>\n<p><strong>OBS.:<\/strong> Fora dos limites do <strong>KWOON<\/strong> (<em>Academia<\/em>) um casal, por exemplo, utiliza este titulo: <strong>SING-SAN<\/strong> (<em>Marido<\/em>) e <strong>SI-MO<\/strong> (<em>Esposa<\/em>).Em qualquer Escola Tradicional utiliza-se somente o termo <strong>SHIFU<\/strong> para os peritos que alcan\u00e7arem a <strong>Cinta Preta do 3\u00ba grau<\/strong> em diante ficando a crit\u00e9rio de cada um utilizar os t\u00edtulos <strong>SHIBOK<\/strong> (<em>SI BOK<\/em>), <strong>SHIKUNG<\/strong> (<em>SI KUNG<\/em>), ou <strong>SHIDAIKUNG<\/strong> (<em>SI TAI GUNG<\/em>) ou n\u00e3o dentro dos limites do <strong>KWOON<\/strong>.<\/p>\n","protected":false},"excerpt":{"rendered":"<p>Hierarquia Chinesa USKF \u00c9 de suma import\u00e2ncia para todo praticante dos sistemas de KUNG FU da AFK ter conhecimento da filosofia que \u00e9 encontrada no uniforme e nas cores das cintas (vide estilos www.fatshan.com.br) e representam a base que tem &hellip; <a href=\"https:\/\/fatshan.com.br\/?page_id=33\">Continue lendo <span class=\"meta-nav\">&rarr;<\/span><\/a><\/p>\n","protected":false},"author":2,"featured_media":0,"parent":16,"menu_order":1,"comment_status":"closed","ping_status":"closed","template":"","meta":{"_eb_attr":"","footnotes":""},"class_list":["post-33","page","type-page","status-publish","hentry"],"_links":{"self":[{"href":"https:\/\/fatshan.com.br\/index.php?rest_route=\/wp\/v2\/pages\/33","targetHints":{"allow":["GET"]}}],"collection":[{"href":"https:\/\/fatshan.com.br\/index.php?rest_route=\/wp\/v2\/pages"}],"about":[{"href":"https:\/\/fatshan.com.br\/index.php?rest_route=\/wp\/v2\/types\/page"}],"author":[{"embeddable":true,"href":"https:\/\/fatshan.com.br\/index.php?rest_route=\/wp\/v2\/users\/2"}],"replies":[{"embeddable":true,"href":"https:\/\/fatshan.com.br\/index.php?rest_route=%2Fwp%2Fv2%2Fcomments&post=33"}],"version-history":[{"count":12,"href":"https:\/\/fatshan.com.br\/index.php?rest_route=\/wp\/v2\/pages\/33\/revisions"}],"predecessor-version":[{"id":3254,"href":"https:\/\/fatshan.com.br\/index.php?rest_route=\/wp\/v2\/pages\/33\/revisions\/3254"}],"up":[{"embeddable":true,"href":"https:\/\/fatshan.com.br\/index.php?rest_route=\/wp\/v2\/pages\/16"}],"wp:attachment":[{"href":"https:\/\/fatshan.com.br\/index.php?rest_route=%2Fwp%2Fv2%2Fmedia&parent=33"}],"curies":[{"name":"wp","href":"https:\/\/api.w.org\/{rel}","templated":true}]}}