{"id":3869,"date":"2024-09-11T13:04:12","date_gmt":"2024-09-11T13:04:12","guid":{"rendered":"https:\/\/fatshan.com.br\/?page_id=3869"},"modified":"2024-09-11T13:11:53","modified_gmt":"2024-09-11T13:11:53","slug":"curso-de-formacao-de-instrutor-em-sanda-boxe-chines","status":"publish","type":"page","link":"https:\/\/fatshan.com.br\/?page_id=3869","title":{"rendered":"Curso de forma\u00e7\u00e3o de instrutor em SANDA (Boxe Chin\u00eas)"},"content":{"rendered":"\n<p>Segue a descri\u00e7\u00e3o dos 5(cinco) m\u00f3dulos discriminados abaixo:<\/p>\n\n\n\n<p><strong>M\u00d3DULO I<\/strong><\/p>\n\n\n\n<ul class=\"wp-block-list\">\n<li>Consiste na participa\u00e7\u00e3o em programas de atualiza\u00e7\u00e3o t\u00e9cnica e cient\u00edfica em educa\u00e7\u00e3o f\u00edsica e\/ou modalidade marcial ou estilo de Kung Fu, apresentados atrav\u00e9s de curr\u00edculo (t\u00edtulos conquistados, semin\u00e1rios, palestras, etc.).<\/li>\n\n\n\n<li>&nbsp;Conscientiza\u00e7\u00e3o profissional (mercado de trabalho, contexto pol\u00edtico e macroecon\u00f4mico atual).<\/li>\n\n\n\n<li>Hist\u00f3ria e Filosofia:\n<ul class=\"wp-block-list\">\n<li>Introdu\u00e7\u00e3o \u00e0 hist\u00f3ria da China e do Kung Fu.<\/li>\n\n\n\n<li>Introdu\u00e7\u00e3o a filosofia oriental (Taoismo; Budismo; Confucionismo e I-Ching).<\/li>\n\n\n\n<li>Introdu\u00e7\u00e3o a filosofia ocidental e \u00e9tica profissional.<\/li>\n<\/ul>\n<\/li>\n\n\n\n<li>Anatomia; Fisiologia; Biomec\u00e2nica; Nutri\u00e7\u00e3o; Primeiros Socorros e Metodologia de Ensino.<\/li>\n\n\n\n<li>Ess\u00eancia do SANDA:\n<ul class=\"wp-block-list\">\n<li>Hist\u00f3ria e caracter\u00edsticas,<\/li>\n\n\n\n<li>Fundamentos,<\/li>\n\n\n\n<li>Chi Kung &#8211; Pa Tuan Chin (Ba Duan Jin),<\/li>\n\n\n\n<li>Ji Ben (B\u00e1sicos): Saam Sing Choy (Batimento de bra\u00e7o); Saam Sing Gerk (Batimento de perna).<\/li>\n<\/ul>\n<\/li>\n<\/ul>\n\n\n\n<p><strong>M\u00d3DULO II<\/strong><\/p>\n\n\n\n<ul class=\"wp-block-list\">\n<li>Combina\u00e7\u00f5es de Chuan Fa e Tuei Fa Shuai: Arremessos com treinamento do saco Ji Bem Tzou Fa (Cotoveladas),<\/li>\n\n\n\n<li>Combate: 1 Round de 2 minutos.<\/li>\n<\/ul>\n\n\n\n<p><strong>M\u00d3DULO III<\/strong><\/p>\n\n\n\n<ul class=\"wp-block-list\">\n<li>Combina\u00e7\u00f5es de Chuan Fa (Parado e em movimento),<\/li>\n\n\n\n<li>Combina\u00e7\u00f5es Tuei Fa Shuai (Parado e em movimento),<\/li>\n\n\n\n<li>Combina\u00e7\u00f5es de socos e chutes, chutes e socos no punchball,<\/li>\n\n\n\n<li>Pular corda: 1 minuto.<\/li>\n<\/ul>\n\n\n\n<p><strong>M\u00d3DULO IV<\/strong><\/p>\n\n\n\n<ul class=\"wp-block-list\">\n<li>Chin-Na Ti I Lu (sozinho),<\/li>\n\n\n\n<li>Chin-Na Ti I Lu (duplas),<\/li>\n\n\n\n<li>Combina\u00e7\u00f5es de chutes e socos,<\/li>\n\n\n\n<li>Combina\u00e7\u00f5es de chutes\/ varreduras,<\/li>\n\n\n\n<li>Combina\u00e7\u00f5es livres\/ socos\/ varreduras,<\/li>\n\n\n\n<li>Arremessos em duplas: Chuan Shuai (1\u00aa e 2\u00aa), Tuei Shuai,<\/li>\n\n\n\n<li>Chutes voadores: Tze Ti Tui, Fei Wai Bai Tuei, Fe Tan Tuei, Sao Tan Tuei, Shuan Feng Tuei, Erci Tuie\/ Shuan Feng Tuei, Fe Tan Tuei\/Shuan Feng Tuei, Erci Tuei\/Fe Tan Tuei, Erci Tuei\/ Fei Wai Bai Tuei, Sao Tan Tuei\/ Fei Wai Bai Tuei.<\/li>\n\n\n\n<li>Combate livre,<\/li>\n\n\n\n<li>Punchball: Socos, chutes, combina\u00e7\u00f5es de: chutes\/ socos e chutes\/socos (1 minuto).<\/li>\n<\/ul>\n\n\n\n<p><strong>M\u00d3DULO V<\/strong><\/p>\n\n\n\n<ul class=\"wp-block-list\">\n<li>Bagwazhang: Rota\u00e7\u00e3o b\u00e1sica,<\/li>\n\n\n\n<li>Ji Ben Hsi: Joelhadas na bola dupla,<\/li>\n\n\n\n<li>Ti Kung Chuan (Quedas): Kun Shen; Shen Pu; Ho Pu; Ting Ji; Tzo Pu; Erci Kun Shen; Chao Yuen Kun Shen; Shen Tui; Shen Pu; Shuen Pu, Shuan Fen Tuei.<\/li>\n\n\n\n<li>Punchball: Socos, chutes, combina\u00e7\u00f5es de: chutes\/ socos e chutes\/socos (1 minuto).<\/li>\n<\/ul>\n","protected":false},"excerpt":{"rendered":"<p>Segue a descri\u00e7\u00e3o dos 5(cinco) m\u00f3dulos discriminados abaixo: M\u00d3DULO I M\u00d3DULO II M\u00d3DULO III M\u00d3DULO IV M\u00d3DULO V<\/p>\n","protected":false},"author":4,"featured_media":0,"parent":1386,"menu_order":3,"comment_status":"closed","ping_status":"closed","template":"","meta":{"_eb_attr":"","footnotes":""},"class_list":["post-3869","page","type-page","status-publish","hentry"],"_links":{"self":[{"href":"https:\/\/fatshan.com.br\/index.php?rest_route=\/wp\/v2\/pages\/3869","targetHints":{"allow":["GET"]}}],"collection":[{"href":"https:\/\/fatshan.com.br\/index.php?rest_route=\/wp\/v2\/pages"}],"about":[{"href":"https:\/\/fatshan.com.br\/index.php?rest_route=\/wp\/v2\/types\/page"}],"author":[{"embeddable":true,"href":"https:\/\/fatshan.com.br\/index.php?rest_route=\/wp\/v2\/users\/4"}],"replies":[{"embeddable":true,"href":"https:\/\/fatshan.com.br\/index.php?rest_route=%2Fwp%2Fv2%2Fcomments&post=3869"}],"version-history":[{"count":1,"href":"https:\/\/fatshan.com.br\/index.php?rest_route=\/wp\/v2\/pages\/3869\/revisions"}],"predecessor-version":[{"id":3870,"href":"https:\/\/fatshan.com.br\/index.php?rest_route=\/wp\/v2\/pages\/3869\/revisions\/3870"}],"up":[{"embeddable":true,"href":"https:\/\/fatshan.com.br\/index.php?rest_route=\/wp\/v2\/pages\/1386"}],"wp:attachment":[{"href":"https:\/\/fatshan.com.br\/index.php?rest_route=%2Fwp%2Fv2%2Fmedia&parent=3869"}],"curies":[{"name":"wp","href":"https:\/\/api.w.org\/{rel}","templated":true}]}}