{"id":3961,"date":"2025-03-24T13:11:29","date_gmt":"2025-03-24T13:11:29","guid":{"rendered":"https:\/\/fatshan.com.br\/?page_id=3961"},"modified":"2025-03-24T13:15:07","modified_gmt":"2025-03-24T13:15:07","slug":"%e7%b9%86%e6%96%af-mou-si","status":"publish","type":"page","link":"https:\/\/fatshan.com.br\/?page_id=3961","title":{"rendered":"\u7e46\u65af Mou Si"},"content":{"rendered":"<div class=\"wp-block-image\">\n<figure class=\"aligncenter size-full\"><a href=\"https:\/\/fatshan.com.br\/wp-content\/uploads\/2012\/09\/images-3.jpg\"><img loading=\"lazy\" decoding=\"async\" width=\"158\" height=\"320\" src=\"https:\/\/fatshan.com.br\/wp-content\/uploads\/2012\/09\/images-3.jpg\" alt=\"\" class=\"wp-image-496\" srcset=\"https:\/\/fatshan.com.br\/wp-content\/uploads\/2012\/09\/images-3.jpg 158w, https:\/\/fatshan.com.br\/wp-content\/uploads\/2012\/09\/images-3-148x300.jpg 148w\" sizes=\"auto, (max-width: 158px) 100vw, 158px\" \/><\/a><\/figure>\n<\/div>\n\n\n<p>O folclore constitui uma cria\u00e7\u00e3o coletiva de um povo. A China \u00e9 um pa\u00eds de civiliza\u00e7\u00e3o milenar e tem uma grande extens\u00e3o territorial onde habitam muitas etnias. Caracterizada atrav\u00e9s de murais e gravuras datadas da dinastia HAN (206 A.C \u2013 221 D.C) encontradas por pesquisadores a Dan\u00e7a do Le\u00e3o \u00e9 uma das representa\u00e7\u00f5es mais populares e conhecidas em todo o mundo do rico folclore Chin\u00eas, al\u00e9m de ser um dos mais importantes aspectos culturais e de treinamento das artes marciais chinesas muitas vezes negligenciado mesmo pelos mais s\u00e9rios praticantes e\/ou escolas de Kung Fu.<\/p>\n\n\n\n<p>Diz a lenda que um Imperador Chin\u00eas teve um pesadelo onde um animal estranho salvou sua vida. Ao consultar seus ministros, um deles relatou que o animal com caracter\u00edstica do Drag\u00e3o e F\u00eanix Chin\u00eas, assemelhava-se a uma criatura que vivia \u00e1 oeste um le\u00e3o.<\/p>\n\n\n\n<p>Embora n\u00e3o existissem le\u00f5es na China, o Imperador enviou emiss\u00e1rios ao Ocidente com objetivo \u00fanico de pesquisar mais sobre tal animal os quais retornaram \u00e1 China trazendo um le\u00e3o doado por um Imperador da P\u00e9rsia (atual Ir\u00e3) fato este ocorrido durante a Dinastia TANG (618 D.C \u2013 907 D.C).<\/p>\n\n\n\n<p>Deste ent\u00e3o o Le\u00e3o passou a ser considerado um bom press\u00e1gio representante do elemento YANG, for\u00e7a e bondade, al\u00e9m de simbolizar o esp\u00edrito de uma escola de KUNG FU.<\/p>\n\n\n\n<p>A Dan\u00e7a do Le\u00e3o foi apresentada oficialmente por artistas marciais durante a Dinastia CHING (1644 \u2013 1911) dos invasores Manchus como meio secreto para se comunicarem e praticar o KUNG FU proibido na \u00e9poca com apresenta\u00e7\u00f5es de aldeia em aldeia.<\/p>\n\n\n\n<p>Em quase todas as festividades realizadas pelas comunidades Chinesas (Chinatowns) ao redor do mundo principalmente o ano novo Chin\u00eas, podemos assistir uma apresenta\u00e7\u00e3o da Dan\u00e7a do Le\u00e3o. Na China ela anima inaugura\u00e7\u00f5es de lojas, restaurantes, supermercados e at\u00e9 a festa anual da pol\u00edcia.<\/p>\n\n\n\n<p>Dan\u00e7arinos do Le\u00e3o s\u00e3o geralmente praticantes de Kung Fu que enfatizam jogos de pernas e bases baixas que aumentam a for\u00e7a das pernas e melhora da regi\u00e3o lombar. A cabe\u00e7a e fantasia pesam juntos entre 18 a 23 Kg. E por ser longa a Dan\u00e7a do Le\u00e3o resulta em excelente condicionamento f\u00edsico e melhoria do sistema cardiovascular do dan\u00e7arino, al\u00e9m do Kung Fu \u00e9 claro.<\/p>\n\n\n\n<p>Eventos (executados em 15 minutos, no m\u00ednimo e 1 hora no m\u00e1ximo). Come\u00e7am com acompanhamento de m\u00fasicos tocando Tambor, Pratos e Gongo,&nbsp; 2 dan\u00e7arinos manipulam o Le\u00e3o e colaboram para mostr\u00e1-lo saindo da caverna, curvando-se em sinal de respeito e boa sorte, dormindo, acordando, levantando, correndo, pulando, comendo, jogando bola e apanhando o HUN BAO (Dinheiro da Sorte).<\/p>\n\n\n\n<p>O Monge TAI TAO FAT (Buddha sorridente) dan\u00e7a com o Le\u00e3o e o acompanha em suas travessuras.<\/p>\n","protected":false},"excerpt":{"rendered":"<p>O folclore constitui uma cria\u00e7\u00e3o coletiva de um povo. A China \u00e9 um pa\u00eds de civiliza\u00e7\u00e3o milenar e tem uma grande extens\u00e3o territorial onde habitam muitas etnias. Caracterizada atrav\u00e9s de murais e gravuras datadas da dinastia HAN (206 A.C \u2013 &hellip; <a href=\"https:\/\/fatshan.com.br\/?page_id=3961\">Continue lendo <span class=\"meta-nav\">&rarr;<\/span><\/a><\/p>\n","protected":false},"author":4,"featured_media":0,"parent":3032,"menu_order":4,"comment_status":"closed","ping_status":"closed","template":"","meta":{"_eb_attr":"","footnotes":""},"class_list":["post-3961","page","type-page","status-publish","hentry"],"_links":{"self":[{"href":"https:\/\/fatshan.com.br\/index.php?rest_route=\/wp\/v2\/pages\/3961","targetHints":{"allow":["GET"]}}],"collection":[{"href":"https:\/\/fatshan.com.br\/index.php?rest_route=\/wp\/v2\/pages"}],"about":[{"href":"https:\/\/fatshan.com.br\/index.php?rest_route=\/wp\/v2\/types\/page"}],"author":[{"embeddable":true,"href":"https:\/\/fatshan.com.br\/index.php?rest_route=\/wp\/v2\/users\/4"}],"replies":[{"embeddable":true,"href":"https:\/\/fatshan.com.br\/index.php?rest_route=%2Fwp%2Fv2%2Fcomments&post=3961"}],"version-history":[{"count":1,"href":"https:\/\/fatshan.com.br\/index.php?rest_route=\/wp\/v2\/pages\/3961\/revisions"}],"predecessor-version":[{"id":3962,"href":"https:\/\/fatshan.com.br\/index.php?rest_route=\/wp\/v2\/pages\/3961\/revisions\/3962"}],"up":[{"embeddable":true,"href":"https:\/\/fatshan.com.br\/index.php?rest_route=\/wp\/v2\/pages\/3032"}],"wp:attachment":[{"href":"https:\/\/fatshan.com.br\/index.php?rest_route=%2Fwp%2Fv2%2Fmedia&parent=3961"}],"curies":[{"name":"wp","href":"https:\/\/api.w.org\/{rel}","templated":true}]}}