{"id":3989,"date":"2025-12-01T12:13:38","date_gmt":"2025-12-01T12:13:38","guid":{"rendered":"https:\/\/fatshan.com.br\/?page_id=3989"},"modified":"2025-12-17T12:16:25","modified_gmt":"2025-12-17T12:16:25","slug":"recadastramento","status":"publish","type":"page","link":"https:\/\/fatshan.com.br\/?page_id=3989","title":{"rendered":"Recadastramento de representantes"},"content":{"rendered":"\n<p class=\"has-text-align-center\"><strong>COMUNICADO GERAL<\/strong><\/p>\n\n\n\n<figure class=\"wp-block-image size-full\"><a href=\"https:\/\/fatshan.com.br\/wp-content\/uploads\/2025\/12\/recadastramento.png\"><img loading=\"lazy\" decoding=\"async\" width=\"617\" height=\"118\" src=\"https:\/\/fatshan.com.br\/wp-content\/uploads\/2025\/12\/recadastramento.png\" alt=\"\" class=\"wp-image-3994\" srcset=\"https:\/\/fatshan.com.br\/wp-content\/uploads\/2025\/12\/recadastramento.png 617w, https:\/\/fatshan.com.br\/wp-content\/uploads\/2025\/12\/recadastramento-300x57.png 300w, https:\/\/fatshan.com.br\/wp-content\/uploads\/2025\/12\/recadastramento-500x96.png 500w\" sizes=\"auto, (max-width: 617px) 100vw, 617px\" \/><\/a><\/figure>\n\n\n\n<p>\u00c1 todos os membros filiados da USKF (mestres, professores e instrutores), o ano de 2025 foi transformador para nossa entidade, onde come\u00e7amos algumas transforma\u00e7\u00f5es para melhor atender aos filiados que por anos confiam e apoiam nossas atividades, por isto gostar\u00edamos de salientar o nosso muito obrigado pela confian\u00e7a.<br><br>Como n\u00e3o poderia ser diferente para 2026 teremos novidades, como:<\/p>\n\n\n\n<ul class=\"wp-block-list\">\n<li>Inaugura\u00e7\u00e3o da confedera\u00e7\u00e3o USKF<\/li>\n\n\n\n<li>Reinaugura\u00e7\u00e3o da associa\u00e7\u00e3o AFK<\/li>\n\n\n\n<li>Supervis\u00e3o da Federa\u00e7\u00e3o Paulista<\/li>\n\n\n\n<li>Lan\u00e7amento do curso de arbitragem USKF<br><br>Al\u00e9m das macro atividades citadas anteriormente, ainda estaremos trabalhando para:<\/li>\n\n\n\n<li>Criar o 1\u00b0 Campeonato Brasileiro USKF<\/li>\n\n\n\n<li>Criar o 1\u00b0 Campeonato Paulista USKF<\/li>\n\n\n\n<li>Curso de forma\u00e7\u00e3o t\u00e9cnica desportiva marcial da USKF<\/li>\n\n\n\n<li>Diploma\u00e7\u00e3o e reconhecimento de sistemas, gradua\u00e7\u00f5es e t\u00edtulos<\/li>\n\n\n\n<li>Entre outras atividades.<br><br>Como j\u00e1 informado antes, os alvar\u00e1s ser\u00e3o expedidos com validade de 1 ano (01\/01\/26 a 31\/12\/26), independente da data de filia\u00e7\u00e3o ou atualiza\u00e7\u00e3o. Para isto iremos trabalhar com os seguintes valores para Mestres, professores e instrutores:<\/li>\n<\/ul>\n\n\n\n<ul class=\"wp-block-list\">\n<li>At\u00e9 30 de Dezembro &#8211; R$ 100,00<\/li>\n\n\n\n<li>At\u00e9 30 de janeiro &#8211; R$ 120,00<\/li>\n\n\n\n<li>At\u00e9 28 de fevereiro &#8211; R$ 150,00<\/li>\n\n\n\n<li>A partir de 01de mar\u00e7o &#8211; R$ 180,00<\/li>\n<\/ul>\n\n\n\n<p>Filia\u00e7\u00e3o de alunos:<\/p>\n\n\n\n<ul class=\"wp-block-list\">\n<li>Projeto &#8211; R$ 10,00<\/li>\n\n\n\n<li>Academia &#8211; R$ 15,00<br>Observa\u00e7\u00e3o: O ministrante (mestres, professores e alunos) das aulas receber\u00e1 o valor de R$ 5,00 por aluno filiado.<\/li>\n<\/ul>\n\n\n\n<p>J\u00e1 foi disponibilizado a ficha de recadastramento para todos os representantes filiados, pedimos gentileza nos enviar a ficha completamente preenchida, junto com:<\/p>\n\n\n\n<ol class=\"wp-block-list\">\n<li>C\u00f3pia dos diplomas<\/li>\n\n\n\n<li>C\u00f3pia RG e CPF<br><br>Para demais informa\u00e7\u00f5es estaremos atendendo a partir desta data 14\/12\/25 de segunda a sexta das 08:00h \u00e0s 17:00h, qualquer contato fora deste hor\u00e1rio ou fim de semana, ser\u00e1 respondido no pr\u00f3ximo dia \u00fatil.<br>Agradecemos a todos pelo excelente trabalho realizado em 2025 e certamente estaremos aumentando nossas atividades em 2026.<\/li>\n<\/ol>\n\n\n\n<p><em>Visando a Renova\u00e7\u00e3o de V\u00ednculo marcial de membros oficiais para com entidade USKF\/AFK estamos disponibilizando o Formul\u00e1rio para Recadastramento para os membros oficiais a ser realizado no ano vigente de 2026. Cumpre ressaltar que mudan\u00e7as cadastrais foram e s\u00e3o necess\u00e1rias para total transpar\u00eancia desse v\u00ednculo. Entre algumas mudan\u00e7as est\u00e1 o per\u00edodo para contato e solicita\u00e7\u00e3o de documentos com o Dir. Adm. Sr. Rog\u00e9rio. Vale lembrar aos nobres cavalheiros que Diretores como Rog\u00e9rio, China e eu fazemos com zelo e disciplina nossos trabalhos(sem remunera\u00e7\u00e3o) e igualmente o trabalho para prover o sustento de nossa fam\u00edlia.<\/em><\/p>\n\n\n\n<p><em>Atenciosamente,<\/em><\/p>\n\n\n\n<p><em>Shifu Mendes<\/em><\/p>\n\n\n\n<p>Abaixo segue formul\u00e1rio de recadastramento em anexo.<\/p>\n\n\n\n<p><a href=\"https:\/\/fatshan.com.br\/wp-content\/uploads\/2025\/12\/Recadastramento.pdf\">Ficha de recadastramento<\/a><\/p>\n\n\n\n<p><\/p>\n","protected":false},"excerpt":{"rendered":"<p>COMUNICADO GERAL \u00c1 todos os membros filiados da USKF (mestres, professores e instrutores), o ano de 2025 foi transformador para nossa entidade, onde come\u00e7amos algumas transforma\u00e7\u00f5es para melhor atender aos filiados que por anos confiam e apoiam nossas atividades, por &hellip; <a href=\"https:\/\/fatshan.com.br\/?page_id=3989\">Continue lendo <span class=\"meta-nav\">&rarr;<\/span><\/a><\/p>\n","protected":false},"author":4,"featured_media":0,"parent":56,"menu_order":3,"comment_status":"closed","ping_status":"closed","template":"","meta":{"_eb_attr":"","footnotes":""},"class_list":["post-3989","page","type-page","status-publish","hentry"],"_links":{"self":[{"href":"https:\/\/fatshan.com.br\/index.php?rest_route=\/wp\/v2\/pages\/3989","targetHints":{"allow":["GET"]}}],"collection":[{"href":"https:\/\/fatshan.com.br\/index.php?rest_route=\/wp\/v2\/pages"}],"about":[{"href":"https:\/\/fatshan.com.br\/index.php?rest_route=\/wp\/v2\/types\/page"}],"author":[{"embeddable":true,"href":"https:\/\/fatshan.com.br\/index.php?rest_route=\/wp\/v2\/users\/4"}],"replies":[{"embeddable":true,"href":"https:\/\/fatshan.com.br\/index.php?rest_route=%2Fwp%2Fv2%2Fcomments&post=3989"}],"version-history":[{"count":7,"href":"https:\/\/fatshan.com.br\/index.php?rest_route=\/wp\/v2\/pages\/3989\/revisions"}],"predecessor-version":[{"id":4001,"href":"https:\/\/fatshan.com.br\/index.php?rest_route=\/wp\/v2\/pages\/3989\/revisions\/4001"}],"up":[{"embeddable":true,"href":"https:\/\/fatshan.com.br\/index.php?rest_route=\/wp\/v2\/pages\/56"}],"wp:attachment":[{"href":"https:\/\/fatshan.com.br\/index.php?rest_route=%2Fwp%2Fv2%2Fmedia&parent=3989"}],"curies":[{"name":"wp","href":"https:\/\/api.w.org\/{rel}","templated":true}]}}