{"id":45,"date":"2012-09-06T16:55:50","date_gmt":"2012-09-06T16:55:50","guid":{"rendered":"http:\/\/www.fatshan.com.br\/teste\/?page_id=45"},"modified":"2024-07-22T15:23:55","modified_gmt":"2024-07-22T15:23:55","slug":"filiacao","status":"publish","type":"page","link":"https:\/\/fatshan.com.br\/?page_id=45","title":{"rendered":"Filia\u00e7\u00e3o"},"content":{"rendered":"<p><strong>Documentos\u00a0administrativo<\/strong><\/p>\n<ul>\n<li>Filia\u00e7\u00e3o<\/li>\n<li>Protocolo de Admiss\u00e3o (Etiqueta Chinesa) USKF\/AFK<\/li>\n<li>Proposta de Filia\u00e7\u00e3o Profissional\/Nucleo<\/li>\n<li>Proposta de Filia\u00e7\u00e3o de Atleta<\/li>\n<li><a href=\"https:\/\/fatshan.com.br\/wp-content\/uploads\/2024\/05\/FICHA_DE_FILIACAO_DE_ENTIDADE.pdf\">Ficha de Filia\u00e7\u00e3o de Entidade 2024<\/a><\/li>\n<li><a href=\"https:\/\/fatshan.com.br\/wp-content\/uploads\/2024\/05\/CONTRATO_FILIAIS.pdf\">Contrato para Filias 2024<\/a><\/li>\n<li><a href=\"https:\/\/fatshan.com.br\/wp-content\/uploads\/2024\/05\/TERMO_DE_CIENCIA.pdf\">Termo de Ci\u00eancia 2024<\/a><\/li>\n<li><a title=\"Protocolo de Admiss\u00e3o \" href=\"https:\/\/docs.google.com\/file\/d\/0Bw6QNcq_EwOQZE5ob0pFdWhaODQ\/edit?usp=sharing\" target=\"_blank\" rel=\"noopener\">Protocolo de Admiss\u00e3o (Etiqueta Chinesa) USKF\/AFK<\/a><\/li>\n<li><a href=\"https:\/\/docs.google.com\/file\/d\/0Bw6QNcq_EwOQTXZHZm1LLTVlRWM\/edit?usp=sharing\" target=\"_blank\" rel=\"noopener\">Proposta de Filia\u00e7\u00e3o Profissional\/N\u00facleo<\/a><\/li>\n<li><a href=\"https:\/\/docs.google.com\/file\/d\/0Bw6QNcq_EwOQeXB3YlpBYnNKZ1U\/edit?usp=sharing\" target=\"_blank\" rel=\"noopener\">Proposta de Filia\u00e7\u00e3o de Atleta<\/a><\/li>\n<\/ul>\n","protected":false},"excerpt":{"rendered":"<p>Documentos\u00a0administrativo Filia\u00e7\u00e3o Protocolo de Admiss\u00e3o (Etiqueta Chinesa) USKF\/AFK Proposta de Filia\u00e7\u00e3o Profissional\/Nucleo Proposta de Filia\u00e7\u00e3o de Atleta Ficha de Filia\u00e7\u00e3o de Entidade 2024 Contrato para Filias 2024 Termo de Ci\u00eancia 2024 Protocolo de Admiss\u00e3o (Etiqueta Chinesa) USKF\/AFK Proposta de Filia\u00e7\u00e3o &hellip; <a href=\"https:\/\/fatshan.com.br\/?page_id=45\">Continue lendo <span class=\"meta-nav\">&rarr;<\/span><\/a><\/p>\n","protected":false},"author":2,"featured_media":0,"parent":16,"menu_order":2,"comment_status":"closed","ping_status":"closed","template":"","meta":{"_eb_attr":"","footnotes":""},"class_list":["post-45","page","type-page","status-publish","hentry"],"_links":{"self":[{"href":"https:\/\/fatshan.com.br\/index.php?rest_route=\/wp\/v2\/pages\/45","targetHints":{"allow":["GET"]}}],"collection":[{"href":"https:\/\/fatshan.com.br\/index.php?rest_route=\/wp\/v2\/pages"}],"about":[{"href":"https:\/\/fatshan.com.br\/index.php?rest_route=\/wp\/v2\/types\/page"}],"author":[{"embeddable":true,"href":"https:\/\/fatshan.com.br\/index.php?rest_route=\/wp\/v2\/users\/2"}],"replies":[{"embeddable":true,"href":"https:\/\/fatshan.com.br\/index.php?rest_route=%2Fwp%2Fv2%2Fcomments&post=45"}],"version-history":[{"count":5,"href":"https:\/\/fatshan.com.br\/index.php?rest_route=\/wp\/v2\/pages\/45\/revisions"}],"predecessor-version":[{"id":3945,"href":"https:\/\/fatshan.com.br\/index.php?rest_route=\/wp\/v2\/pages\/45\/revisions\/3945"}],"up":[{"embeddable":true,"href":"https:\/\/fatshan.com.br\/index.php?rest_route=\/wp\/v2\/pages\/16"}],"wp:attachment":[{"href":"https:\/\/fatshan.com.br\/index.php?rest_route=%2Fwp%2Fv2%2Fmedia&parent=45"}],"curies":[{"name":"wp","href":"https:\/\/api.w.org\/{rel}","templated":true}]}}