{"id":54,"date":"2012-09-06T17:00:18","date_gmt":"2012-09-06T17:00:18","guid":{"rendered":"http:\/\/www.fatshan.com.br\/teste\/?page_id=54"},"modified":"2024-09-11T13:14:25","modified_gmt":"2024-09-11T13:14:25","slug":"fti","status":"publish","type":"page","link":"https:\/\/fatshan.com.br\/?page_id=54","title":{"rendered":"F.T.I."},"content":{"rendered":"\n<p class=\"has-text-align-center\"><strong>Seja Bem-Vindo a Fatshan Terapias Integrativas<\/strong><\/p>\n\n\n\n<p>Este site \u00e9 de propriedade da <strong>FTI &#8211; Fatshan Terapias Integrativas <\/strong>em parceria com a <strong>USKF &#8211; Federa\u00e7\u00e3o Internacional <\/strong>e <strong>AFK- Associa\u00e7\u00e3o Fatshan de Kuoshu<\/strong>. <\/p>\n\n\n\n<p>Em um mundo cada vez mais acelerado, as Terapias Hol\u00edsticas oferecem um caminho para o autoconhecimento, a cura e o equil\u00edbrio integral. Na F.T.I, acreditamos que essas pr\u00e1ticas s\u00e3o essenciais para que pessoas, equipes e institui\u00e7\u00f5es alcancem seu m\u00e1ximo potencial e vivam uma vida mais plena e significativa.<\/p>\n\n\n\n<p><strong>Miss\u00e3o<\/strong><br>Nossa miss\u00e3o \u00e9 inspirar l\u00edderes e equipes a transcender seus limites e alcan\u00e7ar seus objetivos mais elevados. Combinando a sabedoria ancestral com as mais modernas t\u00e9cnicas hol\u00edsticas, oferecemos um ambiente de transforma\u00e7\u00e3o onde cada indiv\u00edduo pode desenvolver seu pleno potencial e contribuir para um mundo mais consciente e conectado.<\/p>\n\n\n\n<p><strong>Vis\u00e3o<\/strong><br>Ser reconhecidos como a principal refer\u00eancia nacional em terapias hol\u00edsticas, transformando vidas e organiza\u00e7\u00f5es atrav\u00e9s do desenvolvimento humano integral. Queremos construir um futuro onde o bem-estar f\u00edsico, mental, emocional e espiritual seja acess\u00edvel a todos, promovendo a conex\u00e3o entre as pessoas, a natureza e o universo.<\/p>\n","protected":false},"excerpt":{"rendered":"<p>Seja Bem-Vindo a Fatshan Terapias Integrativas Este site \u00e9 de propriedade da FTI &#8211; Fatshan Terapias Integrativas em parceria com a USKF &#8211; Federa\u00e7\u00e3o Internacional e AFK- Associa\u00e7\u00e3o Fatshan de Kuoshu. Em um mundo cada vez mais acelerado, as Terapias &hellip; <a href=\"https:\/\/fatshan.com.br\/?page_id=54\">Continue lendo <span class=\"meta-nav\">&rarr;<\/span><\/a><\/p>\n","protected":false},"author":2,"featured_media":0,"parent":0,"menu_order":3,"comment_status":"closed","ping_status":"closed","template":"","meta":{"_eb_attr":"","footnotes":""},"class_list":["post-54","page","type-page","status-publish","hentry"],"_links":{"self":[{"href":"https:\/\/fatshan.com.br\/index.php?rest_route=\/wp\/v2\/pages\/54","targetHints":{"allow":["GET"]}}],"collection":[{"href":"https:\/\/fatshan.com.br\/index.php?rest_route=\/wp\/v2\/pages"}],"about":[{"href":"https:\/\/fatshan.com.br\/index.php?rest_route=\/wp\/v2\/types\/page"}],"author":[{"embeddable":true,"href":"https:\/\/fatshan.com.br\/index.php?rest_route=\/wp\/v2\/users\/2"}],"replies":[{"embeddable":true,"href":"https:\/\/fatshan.com.br\/index.php?rest_route=%2Fwp%2Fv2%2Fcomments&post=54"}],"version-history":[{"count":6,"href":"https:\/\/fatshan.com.br\/index.php?rest_route=\/wp\/v2\/pages\/54\/revisions"}],"predecessor-version":[{"id":3637,"href":"https:\/\/fatshan.com.br\/index.php?rest_route=\/wp\/v2\/pages\/54\/revisions\/3637"}],"wp:attachment":[{"href":"https:\/\/fatshan.com.br\/index.php?rest_route=%2Fwp%2Fv2%2Fmedia&parent=54"}],"curies":[{"name":"wp","href":"https:\/\/api.w.org\/{rel}","templated":true}]}}