{"id":99,"date":"2012-09-11T13:34:35","date_gmt":"2012-09-11T13:34:35","guid":{"rendered":"http:\/\/www.fatshan.com.br\/teste\/?page_id=99"},"modified":"2024-07-24T17:29:25","modified_gmt":"2024-07-24T17:29:25","slug":"chin-na","status":"publish","type":"page","link":"https:\/\/fatshan.com.br\/?page_id=99","title":{"rendered":"Armas Chinesas"},"content":{"rendered":"\n<p class=\"has-text-align-center\"><strong>As armas chinesas<\/strong><\/p>\n\n\n<div class=\"wp-block-image\">\n<figure class=\"aligncenter\"><a href=\"https:\/\/fatshan.com.br\/wp-content\/uploads\/2013\/01\/armas_chinesas.jpg\"><img loading=\"lazy\" decoding=\"async\" width=\"250\" height=\"261\" src=\"https:\/\/fatshan.com.br\/wp-content\/uploads\/2013\/01\/armas_chinesas.jpg\" alt=\"armas_chinesas\" class=\"wp-image-10\"\/><\/a><\/figure>\n<\/div>\n\n\n<figure class=\"wp-block-image\"><a href=\"https:\/\/fatshan.com.br\/wp-content\/uploads\/2012\/09\/ARMAS-CHINESAS.bmp\"><img loading=\"lazy\" decoding=\"async\" width=\"636\" height=\"468\" src=\"https:\/\/fatshan.com.br\/wp-content\/uploads\/2012\/09\/ARMAS-CHINESAS.bmp\" alt=\"\" class=\"wp-image-2205\"\/><\/a><\/figure>\n\n\n\n<p><\/p>\n\n\n\n<div class=\"wp-block-group\"><div class=\"wp-block-group__inner-container is-layout-flow wp-block-group-is-layout-flow\">\n<figure class=\"wp-block-image\"><a href=\"https:\/\/fatshan.com.br\/wp-content\/uploads\/2012\/09\/ARMAS-CHINESAS-2.bmp\"><img loading=\"lazy\" decoding=\"async\" width=\"604\" height=\"487\" src=\"https:\/\/fatshan.com.br\/wp-content\/uploads\/2012\/09\/ARMAS-CHINESAS-2.bmp\" alt=\"\" class=\"wp-image-2209\"\/><\/a><\/figure>\n\n\n\n<p>No oriente, as Artes Marciais s\u00e3o antigas e diversificadas em muitas tradi\u00e7\u00f5es. Cedo ou tarde se voc\u00ea estiver praticando KUNG FU, dever\u00e1s aprender uma forma de arma. Muitas artes marciais chinesas t\u00eam ao menos uma ou duas armas tradicionais em sua lista de formas \u2013 algumas t\u00eam muito mais do que isto. Os estilos tradicionais de&nbsp;<strong>KUNG FU<\/strong>&nbsp;da&nbsp;<strong>USKF\/AFK<\/strong>&nbsp;incorporam o uso de cerca de 40 armas diferentes. A escolha de armas pelo praticante depende do seu tipo corporal, flexibilidade e habilidade marcial.<\/p>\n\n\n\n<p>Que esp\u00e9cie de arma voc\u00ea estar\u00e1 praticando, depender\u00e1 do sistema chin\u00eas que praticas, se ele \u00e9 do norte ou do sul. Estilos sulistas de KUNG FU d\u00e3o bastante \u00eanfase a armas que vem de implementos como o Bast\u00e3o, Facas Borboletas, Tridente ou P\u00e1 do Monge. Naturalmente estilos sulistas tamb\u00e9m usam armas laminadas, como espadas e lan\u00e7as.<\/p>\n\n\n\n<p>Estilos do Norte, como CHANG CH\u2019UAN e SHAOLIN DO NORTE, preferem armas relacionadas a instrumentos militares, visto que a Corte Imperial e seu Ex\u00e9rcito residiam no norte da China. Espadas, espadas largas, lan\u00e7as longas e Espada do General KWAN (KWAN DO) est\u00e3o entre as favoritas dos estilistas do norte. Novamente, tal qual sua contra-parte sulista, existe uma ponte no uso das armas. Implemento das armas, como o bast\u00e3o ainda tem um importante papel nas artes marciais do norte da China.<\/p>\n\n\n\n<p>As origens e hist\u00f3rias destas armas est\u00e3o envoltas em mist\u00e9rios. Muitas das informa\u00e7\u00f5es sobre suas origens forma passadas oralmente de gera\u00e7\u00e3o a gera\u00e7\u00e3o de praticantes. Todas as armas possuem t\u00e9cnicas singulares associadas com elas. Entretanto, um conhecimento completo de v\u00e1rias armas \u00e9 dif\u00edcil visto que existem estilos com mais de 70 armas em seu arsenal e algumas formas dif\u00edceis de serem executadas e dominadas num curto espa\u00e7o de tempo, existindo em m\u00e9dia 8 Tao Lus (Formas) para cada arma.<\/p>\n\n\n\n<p><strong>Basicamente, as armas do KUNG FU s\u00e3o divididas em 4 categorias \u2013 Longa, Curta, Flex\u00edvel e Dupla.<\/strong><\/p>\n\n\n\n<p><strong>Armas Longas<\/strong><\/p>\n\n\n\n<p>Armas longas inclui um objeto de manejo longo e embora cada arte marcial tenha diferen\u00e7a em rela\u00e7\u00e3o \u00e0 suas formas, muitas s\u00e3o iguais no tocante ao formato da arma longa bem como o tamanho do usu\u00e1rio. Por exemplo, um Bast\u00e3o n\u00e3o deve ser maior que do que a altura de sua m\u00e3o erguida acima de sua cabe\u00e7a, regra essa que se aplica tamb\u00e9m a Lan\u00e7a (CHIANG). Outras arma longa s\u00e3o a P\u00e1 do Monge, KWAN DO, Tridente e o Banco Cavalete. Armas longas como, Lan\u00e7a, Bast\u00e3o ou Kwan Do eram tradicionalmente usadas por soldados no campo de batalha. O estilo de agarre com as duas m\u00e3os destas armas proporcionavam poder para o usu\u00e1rio durante situa\u00e7\u00f5es de vida e morte onde muitos oponentes podiam ser enfrentados de uma s\u00f3 vez.<\/p>\n\n\n\n<p>Provavelmente uma das mais famosas armas de toda a china e abordada neste curso, a Lan\u00e7a para alguns foi inventada por HUANG TI, o \u201cImperador Amarelo\u201d (2.698 \u00e0 2.598 A.C). A Lan\u00e7a \u00e9 uma arma de combate mano-a-mano de 2 metros de comprimento, utilizada \u00e0 cavalo e luta de solo. O comprimento normal deu uma Lan\u00e7a, contudo, \u00e9 de 1 metro. Tradicionalmente, a Lan\u00e7a chinesa n\u00e3o \u00e9 arremessada como faziam os guerreiros europeus, ao contr\u00e1rio \u00e9 utilizada como arma manual de combate de grande velocidade.<\/p>\n\n\n\n<p><strong>Armas curtas<\/strong><\/p>\n\n\n\n<p>A mais popular arma curta \u00e9 o fac\u00e3o Chin\u00eas. F\u00e1cil de manejar ao contr\u00e1rio de muitas outras armas curtas, Fac\u00f5es ou Sabres s\u00e3o geralmente utilizadas antes de espadas retas ou formas de Leque e Flauta.<\/p>\n\n\n\n<p>Muitos estilos de KUNG FU incluem Formas de Fac\u00e3o. Junto com o Bast\u00e3o, ela \u00e9 a mais importante arma nas artes marciais chinesas. A raz\u00e3o para sua popularidade \u00e9 que a t\u00e9cnica do Fac\u00e3o forma a base de muitas praticas com l\u00e2minas das artes marciais chinesas, ao passo que t\u00e9cnicas de bast\u00e3o s\u00e3o b\u00e1sicas para a pr\u00e1tica de arma longa.<\/p>\n\n\n\n<p><strong>O que se evita:<\/strong><\/p>\n\n\n\n<p>H\u00e1 poucas coisas a evitar quando praticando e demonstrando qualquer forma de arma, 1\u00ba, n\u00e3o golpeie a si mesmo ou algu\u00e9m pr\u00f3ximo. Golpeando acidentalmente algo, inclusive o solo, com sua arma indica uma perda de controle. Certamente, se a arma for cortante, voc\u00ea pode mesmo machucar a si mesmo com o canto da l\u00e2mina.<\/p>\n\n\n\n<p>Sua arma deve estar sempre em boa condi\u00e7\u00e3o, com todos os parafusos firmemente no lugar. Nada \u00e9 mais embara\u00e7ante que ter a ponta de sua lan\u00e7a voando fora durante a forma. Cabe\u00e7as de armas soltas s\u00e3o tamb\u00e9m perigosas.<\/p>\n\n\n\n<p>Embora sua concentra\u00e7\u00e3o esteja em sua arma e forma, esteja atento a pessoas e objetos ao redor de voc\u00ea. Outros estudantes devem esperar at\u00e9 voc\u00ea ter terminado sua forma, antes de caminhar dentro da Academia. Infelizmente, ningu\u00e9m lembra desta regra e cortesia. E deve sempre ser algu\u00e9m que caminhe a sua frente que deve ser observado, assim que voc\u00ea oscilar seu bast\u00e3o ou espada, estando deste modo preparado para parar quando perceber movimento perto de voc\u00ea.<\/p>\n\n\n\n<p>Objetos inanimados, como espelhos, s\u00e3o alguns alvos prediletos de estilistas desatentos. Fique longe de objetos quebr\u00e1veis.<\/p>\n\n\n\n<p>Finalmente, encontre voc\u00ea mesmo um respeitado Professor, que saiba e entenda as formas de armas que esta ensinando. Conhecer as caracter\u00edsticas e aplica\u00e7\u00f5es de cada arma s\u00e3o dever de todo Instrutores de arte Marcial. Seu professor deve estar familiarizado com as t\u00e9cnicas que tornam cada forma uma representa\u00e7\u00e3o das aut\u00eanticas artes marciais chinesas. N\u00e3o h\u00e1 nada pior do que uma pobre forma de arma.<\/p>\n\n\n\n<p><strong>Garfo do tigre:<\/strong><\/p>\n\n\n\n<p>Esta antiga arma tem origem no sudeste da China e era utilizada como uma ferramenta agr\u00edcola e defesa contra animais selvagens, por isso o nome Garfo do Tigre. O Garfo do Tigre tornou-se famoso como arma de combate durante as dinastias MING E CHING (1368-1912). Tanto os sistemas de KUNG FU do norte como do sul o utilizavam sendo que o do norte leve e manobr\u00e1vel e o do sul pesado (cerca de 9kg).<\/p>\n\n\n\n<p><strong>Escudo:<\/strong><\/p>\n\n\n\n<p>Tamb\u00e9m uma antiga arma, a origem do escudo pode ser tra\u00e7ada voltando-se \u00e0 dinastia HAN (200 A.C 220D.C). O escudo era originalmente empregado como uma defesa contra Arco-e-Flecha. Por fim, ela foi usada por soldados a p\u00e9 em combina\u00e7\u00e3o com a espada larga, e no sul com a Faca Borboleta.<\/p>\n\n\n\n<p><strong>Martelos Duplos:<\/strong><\/p>\n\n\n\n<p>Estas armas eram originalmente entalhadas a partir de pedras, e pode ser tra\u00e7ada a partir do per\u00edodo Neol\u00edtico, h\u00e1 aproximadamente 4.000 anos atr\u00e1s. Os Machados Duplos e outras armas curtas eram derivadas em parte dos Martelos Duplos.<\/p>\n\n\n\n<p><strong>Lan\u00e7a:<\/strong><\/p>\n\n\n\n<p>Provavelmente uma das mais famosas armas de toda a china e abordada neste curso, a Lan\u00e7a para alguns foi inventada por HUANG TI, o \u201cImperador Amarelo\u201d (2.698 \u00e0 2.598 A.C). A Lan\u00e7a \u00e9 uma arma de combate mano-a-mano de 2 metros de comprimento, utilizada \u00e0 cavalo e luta de solo. O comprimento normal deu uma Lan\u00e7a, contudo, \u00e9 de 1 metro. Tradicionalmente, a Lan\u00e7a chinesa n\u00e3o \u00e9 arremessada como faziam os guerreiros europeus, ao contr\u00e1rio \u00e9 utilizada como arma manual de combate de grande velocidade.<\/p>\n\n\n\n<p><strong>Espadas Longas Duplas:<\/strong><\/p>\n\n\n\n<p>Estas armas t\u00eam suas origens tra\u00e7adas a partir do per\u00edodo Neol\u00edtico, h\u00e1 aproximadamente 4000 anos atr\u00e1s: As Espadas Largas Duplas comumente usadas por soldados a \u00e9 a fazem parte dos estilos do norte como do sul da China. Espadas Largas Duplas eram favoritas de muitos praticantes devido ao fato das t\u00e9cnicas defensivas e ofensivas poderem ser executadas simultaneamente.<\/p>\n\n\n\n<p><strong>Kwan Do:<\/strong><\/p>\n\n\n\n<p>Originalmente da dinastia de Han, o Kwan Do foi inventado pelo famoso general chin\u00eas Kuan Kwong do per\u00edodo dos Reinos Combatentes na China. O Kwan o \u00e9 uma arma do norte da China e era usada por soldados lutadores \u00e0 cavalo. Segundo a tradi\u00e7\u00e3o somente praticantes antigos a manejavam, observando-se o seu car\u00e1ter e habilidade marcial.<\/p>\n\n\n\n<p><strong>Espadas Wu Dang ou Espadas Retas:<\/strong><\/p>\n\n\n\n<p>Suas origens podem ser tra\u00e7adas a partir de JANG SAN FENG, o criador do TAI CHI CHUAN, durante a dinastia MING (1368 \u2013 1644) e faz parte do arsenal de armas de artes marciais das montanhas WU DANG e era reservadas somente para o Imperador, s\u00e1bios e oficiais militares de alta patente e alguns poucos artistas marciais. Os s\u00e1bios e nobres a usavam por raz\u00f5es oficiais, sendo sem conhecimento limitado.<\/p>\n\n\n\n<p><strong>Bast\u00e3o Longo:<\/strong><\/p>\n\n\n\n<p>H\u00e1 5.000 anos, o Bast\u00e3o e o Bast\u00e3o Longo eram usados em ca\u00e7adas bem como em batalhas. O bast\u00e3o \u00e9 uma vara entre 1,50 e 1, 80 metros de comprimento, com ambas as pontas com o mesmo di\u00e2metro, e o Bast\u00e3o longo entre 2 e 3 metro, com uma ponta c\u00f4nica . Estas armas eram f\u00e1ceis para construir e popular em tempos antigos.<\/p>\n\n\n\n<p>Com a descoberta do bronze e do ferro, o Bast\u00e3o e o Bast\u00e3o Longo forma modificados em armas como Lan\u00e7as, KWAN DO e v\u00e1rias vers\u00f5es do Bast\u00e3o Longo com metal fundido na ponta.<\/p>\n\n\n\n<p>O uso do bast\u00e3o e Bast\u00e3o Longo era tamb\u00e9m popular entre os monges SHAOLIN durante o inicio da dinastia SUNG (960 a 1279 D.C). Durante aquela \u00e9poca os monges estavam auxiliando o 1\u00ba Imperador SUNG a estabelecer seu reinado. O Bast\u00e3o e o Bast\u00e3o Longo forma usados extensivamente pelos monges que por causa de sua religi\u00e3o n\u00e3o portavam l\u00e2minas que deveriam infligir ferimentos a seus inimigos.<\/p>\n\n\n\n<p>Mesmo ap\u00f3s a dinastia SUNG, os monges SHAOLIN, continuaram a favor do uso do Bast\u00e3o e do Bast\u00e3o Longo. NA dinastia MANCHU (1644-1911), os monges usavam estas armas para se defenderem do s\u00edtio do governo MANCHU no templo SHAOLIN.<\/p>\n\n\n\n<p><strong>Facas Borboletas:<\/strong><\/p>\n\n\n\n<p>\u00c9 uma arma usada principalmente por artistas marciais do sul da China. O comprimento da l\u00e2mina da arma \u00e9 igual \u00e0 dist\u00e2ncia do punho aberto ao cotovelo, e a guarda \u00e9 fixada por cabo pra proteger a m\u00e3o. O comprimento especial da l\u00e2mina \u00e9 planejado para permitir melhor manobra. Pro exemplo, se a l\u00e2mina \u00e9 maior do que o normal, ela n\u00e3o poder\u00e1 ser capaz de ser girada dentro do limites dos bra\u00e7os<\/p>\n\n\n\n<p>Contudo, o modelo de Faca Borboleta e o modo de us\u00e1-la difere no norte da China. Com A Faca Borboleta do norte da China, o jogo de perna do praticante em chutar \u00e9 cansativo, mas Facas Borboletas no sul da China s\u00e3o usadas Principalmente em combate cerrado por causa de seu pequeno comprimento, com \u00eanfase dada \u00e0 precis\u00e3o e coordena\u00e7\u00e3o de ambas as facas ao mesmo tempo.<\/p>\n<\/div><\/div>\n","protected":false},"excerpt":{"rendered":"<p>As armas chinesas No oriente, as Artes Marciais s\u00e3o antigas e diversificadas em muitas tradi\u00e7\u00f5es. Cedo ou tarde se voc\u00ea estiver praticando KUNG FU, dever\u00e1s aprender uma forma de arma. Muitas artes marciais chinesas t\u00eam ao menos uma ou duas &hellip; <a href=\"https:\/\/fatshan.com.br\/?page_id=99\">Continue lendo <span class=\"meta-nav\">&rarr;<\/span><\/a><\/p>\n","protected":false},"author":2,"featured_media":0,"parent":50,"menu_order":1,"comment_status":"closed","ping_status":"closed","template":"","meta":{"_eb_attr":"","footnotes":""},"class_list":["post-99","page","type-page","status-publish","hentry"],"_links":{"self":[{"href":"https:\/\/fatshan.com.br\/index.php?rest_route=\/wp\/v2\/pages\/99","targetHints":{"allow":["GET"]}}],"collection":[{"href":"https:\/\/fatshan.com.br\/index.php?rest_route=\/wp\/v2\/pages"}],"about":[{"href":"https:\/\/fatshan.com.br\/index.php?rest_route=\/wp\/v2\/types\/page"}],"author":[{"embeddable":true,"href":"https:\/\/fatshan.com.br\/index.php?rest_route=\/wp\/v2\/users\/2"}],"replies":[{"embeddable":true,"href":"https:\/\/fatshan.com.br\/index.php?rest_route=%2Fwp%2Fv2%2Fcomments&post=99"}],"version-history":[{"count":14,"href":"https:\/\/fatshan.com.br\/index.php?rest_route=\/wp\/v2\/pages\/99\/revisions"}],"predecessor-version":[{"id":3541,"href":"https:\/\/fatshan.com.br\/index.php?rest_route=\/wp\/v2\/pages\/99\/revisions\/3541"}],"up":[{"embeddable":true,"href":"https:\/\/fatshan.com.br\/index.php?rest_route=\/wp\/v2\/pages\/50"}],"wp:attachment":[{"href":"https:\/\/fatshan.com.br\/index.php?rest_route=%2Fwp%2Fv2%2Fmedia&parent=99"}],"curies":[{"name":"wp","href":"https:\/\/api.w.org\/{rel}","templated":true}]}}